{"id":3,"date":"2020-10-12T12:12:57","date_gmt":"2020-10-12T10:12:57","guid":{"rendered":"https:\/\/www.gesien-design.de\/Poppel\/?page_id=3"},"modified":"2024-09-11T13:18:41","modified_gmt":"2024-09-11T11:18:41","slug":"datenschutzerklaerung","status":"publish","type":"page","link":"https:\/\/www.gesien-design.de\/Poppel\/datenschutzerklaerung\/","title":{"rendered":"Datenschutzerkl\u00e4rung"},"content":{"rendered":"\n<h2 class=\"wp-block-heading\"><br>Datenschutzerkl\u00e4rung<\/h2>\n\n\n\n<p><a><\/a>Nachfolgend informieren wir Sie \u00fcber die Einzelheiten zum Datenschutz beim Besuch unserer Webseite. Die Nutzung unserer Website ist in der Regel ohne die Angabe von personenbezogenen Daten m\u00f6glich. Soweit personenbezogene Daten beim Besuch unserer Webseiten erhoben werden, verarbeiten wir diese ausschlie\u00dflich nach Ma\u00dfgabe der Datenschutz-Grundverordnung (DSGVO) und des Bundesdatenschutzgesetzes (BDSG). Die Verarbeitung von personenbezogenen Daten findet ausschlie\u00dflich nach Ma\u00dfgabe dieser Datenschutzerkl\u00e4rung statt.<\/p>\n\n\n\n<p>Diese Datenschutzerkl\u00e4rung gilt f\u00fcr die Nutzung dieser Website. F\u00fcr verlinkte Inhalte anderer Anbieter ist die auf der verlinkten Website hinterlegte Datenschutzerkl\u00e4rung ma\u00dfgeblich. Wir weisen darauf hin, dass im Rahmen der Daten\u00fcbertragung mittels Internet Sicherheitsl\u00fccken auftreten k\u00f6nnen, die sich auch nicht durch die technische Gestaltung dieser Website verhindern lassen. Ein l\u00fcckenloser Schutz von personenbezogenen Daten ist bei der Nutzung des Internets nicht m\u00f6glich.<\/p>\n\n\n\n<p><a><\/a><a><\/a> <strong>1. Verantwortliche Stelle, Art. 13 Abs. 1 lit. a DSGVO<\/strong><\/p>\n\n\n\n<p>F\u00fcr die Verarbeitung von personenbezogenen Daten im Rahmen der Nutzung dieser Website verantwortlich ist:<\/p>\n\n\n\n<p>Heike Gesien, Charlotte-Huhn-Stra\u00dfe 18, 21339 L\u00fcneburg<\/p>\n\n\n\n<p><a><\/a><a><\/a> <strong>2. Datenschutzbeauftragter<\/strong><\/p>\n\n\n\n<p>Als Datenschutzbeauftragter ist bei uns bestellt:<\/p>\n\n\n\n<p>Heike Gesien, Charlotte-Huhn-Stra\u00dfe 18, 21339 L\u00fcneburg<br>Telefon: +49 (0)4131\/6809080, E-Mail: heike@gesien-design.de<\/p>\n\n\n\n<p><a><\/a><a><\/a> <strong>3. Hosting<\/strong><\/p>\n\n\n\n<p><a><\/a>Diese Webseite wird betrieben auf Servern von der STRATO AG, Otto-Ostrowski-Strasse 7, 10249 Berlin. Wir haben mit der Strato AG einen Auftragsverarbeitungsvertrag abgeschlossen.<\/p>\n\n\n\n<p>Beim Abruf unserer Webseiten werden automatisiert Log-Daten erhoben und in Protokolldateien auf dem Server unseres Hosters gespeichert. Diese Daten k\u00f6nnen einen Personenbezug aufweisen. Log-Daten werden von Strato erfasst, wenn Besucher diese Webseiten aufrufen. Folgende Log-Daten werden bei diesem Prozess erhoben: Kunden-Domain, Anonymisierte Client-IP, Request-Zeile, Timestamp, Status Code, Gr\u00f6\u00dfe des Response Bodies, Referer, der vom Client gesendet wurde, User Agent, der vom Client gesendet wurde, Remote User. Eine genauere Erl\u00e4uterung finden Sie unter https:\/\/www.strato.de\/blog\/dsgvo-logfiles\/. Zur Erkennung von Angriffen speichern wir nicht anonymisierte IP-Adressen maximal sieben Tage. Danach werden sie unwiderruflich anonymisiert. Kunden k\u00f6nnen IP-Adressen jedoch ausschlie\u00dflich und dauerhaft anonymisiert einsehen. Strato st\u00fctzt sich dabei auf die Rechtsgrundlage der berechtigten Interessen, Art. 6 Abs. 1 lit. f DSGVO.<\/p>\n\n\n\n<p>Der Hoster verwendet die erhobenen Daten zur Sicherstellung des st\u00f6rungsfreien Betriebs der Webseite sowie zur Sicherstellung der IT-Sicherheit und zur Verbesserung unseres Angebotes. Bei konkreten Anhaltspunkten werden die Protokolldaten ggf. nachtr\u00e4glich analysiert. Die vor\u00fcbergehende Speicherung der IP-Adresse durch den Hoster ist notwendig, um eine Auslieferung der Website an den Rechner des Nutzers zu erm\u00f6glichen. Hierf\u00fcr muss Ihre IP-Adresse f\u00fcr die Dauer der Sitzung gespeichert bleiben. Eine Zusammenf\u00fchrung dieser Daten mit anderen Datenquellen wird nicht vorgenommen.<\/p>\n\n\n\n<p><a><\/a>Die Daten werden vom Hoster gel\u00f6scht, sobald sie f\u00fcr die Erreichung des Zweckes ihrer Erhebung nicht mehr erforderlich sind. Im Falle der Erfassung der Daten zur Bereitstellung der Website ist dies der Fall, wenn die jeweilige Sitzung beendet ist. Die Erfassung der Daten zur Bereitstellung der Website und die Speicherung der Daten in Logfiles ist f\u00fcr den Betrieb der Internetseite zwingend erforderlich. Es besteht folglich keine Widerspruchsm\u00f6glichkeit durch Sie.<\/p>\n\n\n\n<p><strong>4. Cookies<\/strong><\/p>\n\n\n\n<p>Zus\u00e4tzlich zu den zuvor genannten Daten werden bei Ihrer Nutzung und Besuch unserer Website Cookies auf Ihrem Rechner verwendet. Bei dem erstmaligen Besuch unserer Webseite werden Sie gefragt, ob Sie der Nutzung von Cookies zustimmen und falls ja, der Nutzung welcher Kategorien Sie zustimmen. Cookies sind kleine Textdateien, die von Ihrem Browser auf Ihrem Endger\u00e4t zur Speicherung von bestimmten Informationen abgelegt werden. Des Weiteren werden diese Cookies dazu eingesetzt, die Nutzung unseres Angebotes f\u00fcr Sie angenehmer und komfortabler zu gestalten oder zu analytischen Zwecken.<\/p>\n\n\n\n<p>Die meisten, der von uns verwendeten Cookies, sind so genannte \u201eSession-Cookies\u201c. Sie dienen dazu, Ihnen die Dienste unserer Webseite technisch zur Verf\u00fcgung zu stellen. Im Anschluss an Ihren Besuch werden diese gesetzten Cookies automatisch von Ihrem Browser gel\u00f6scht. Andere Cookies verbleiben auf Ihrem Rechner und bewirken, dass wir Ihr Endger\u00e4t bei Ihrem n\u00e4chsten Besuch wiedererkennen (sog. persistente oder dauerhafte Cookies). Bei Ihrem n\u00e4chsten Aufruf unserer Webseite mit demselben Endger\u00e4t werden die in Cookies gespeicherten Informationen entweder durch unsere Webseite (\u201eFirst Party Cookie\u201c) oder eine andere Webseite, zu der das Cookie geh\u00f6rt (\u201eThird Party Cookie\u201c), ausgelesen.<\/p>\n\n\n\n<p>Diese Cookies werden nach einer voreingestellten Zeitspanne, die sich je nach Cookie unterscheidet, automatisch von Ihrem System gel\u00f6scht. Durch die gespeicherten und zur\u00fcckgesandten Informationen erkennt die jeweilige Webseite, dass Sie diese mit dem Browser Ihres Endger\u00e4ts bereits aufgerufen und besucht haben. Diese Informationen nutzen wir, um Ihnen die Webseite gem\u00e4\u00df Ihren Pr\u00e4ferenzen optimal gestalten und anzeigen zu k\u00f6nnen. Dabei wird lediglich das Cookie selbst auf Ihrem Endger\u00e4t identifiziert.<\/p>\n\n\n\n<p>Eine dar\u00fcberhinausgehende Speicherung von personenbezogenen Daten erfolgt nur nach Ihrer ausdr\u00fccklichen Zustimmung oder wenn dies unbedingt erforderlich ist, um den angebotenen und von Ihnen aufgerufenen Dienst entsprechend nutzen zu k\u00f6nnen.<\/p>\n\n\n\n<p>Diese Website nutzt folgende Arten von Cookies, deren Umfang und Funktionsweise im Folgenden erl\u00e4utert werden:<\/p>\n\n\n\n<p><strong>&#8211; Essentielle Cookies:<\/strong> Unbedingt erforderliche Cookies gew\u00e4hrleisten Funktionen, ohne die Sie unsere Webseiten nicht wie vorgesehen nutzen k\u00f6nnen. Diese Cookies werden ausschlie\u00dflich von uns verwendet und dienen zum Beispiel dazu, dass Sie als angemeldeter Nutzer bei Zugriff auf verschiedene Unterseiten unserer Webseite stets angemeldet bleiben und so nicht jedes Mal bei Aufruf einer neuen Seite Ihre Anmeldedaten neu eingeben m\u00fcssen. Rechtsgrundlage der Nutzung ist unser berechtigtes Interesse im Sinne des Art. 6 Abs. 1 S. 1 lit. f DSGVO.<\/p>\n\n\n\n<p><strong>&#8211; Funktionelle Cookies: <\/strong>Erm\u00f6glichen unserer Webseite, bereits get\u00e4tigte Angaben zu speichern und Ihnen darauf basierend verbesserte Funktionen anzubieten. Rechtsgrundlage f\u00fcr den Einsatz dieser Cookies ist Ihre Einwilligung gem. Art. 6 Abs. 1 S. 1 lit. a DSGVO.<\/p>\n\n\n\n<p><strong>&#8211; Tracking-Cookies:<\/strong> Diese Cookies werden verwendet, um Informationen \u00fcber die vom Benutzer besuchten Websites zu sammeln, zielgruppenorientierte und effektivere Werbung f\u00fcr den Benutzer zu erstellen und zu erm\u00f6glichen, die Interessen der Webseitenbesucher zu identifizieren, umso unsere Webseite k\u00fcnftig noch interessanter zu gestalten. Tracking-Cookies werden erst nach Ihrer aktiven Einwilligung gesetzt.<\/p>\n\n\n\n<p>Rechtsgrundlage f\u00fcr die Datenverarbeitung ist hier Art. 6 Abs. 1 S. 1 lit. a DSGVO.<br><a><\/a>Sie k\u00f6nnen diese Einwilligung zu den Cookies jederzeit mit Wirkung f\u00fcr die Zukunft widerrufen. Sie k\u00f6nnen Ihren Browser so einstellen, dass Sie \u00fcber das Setzen von Cookies informiert werden und Cookies nur im Einzelfall, z.B. Third-Party-Cookies (Cookies, die durch einen Dritten gesetzt werden, also nicht durch die eigentliche Internetpr\u00e4senz, auf der Sie sich gerade befinden), erlauben, die Annahme von Cookies f\u00fcr bestimmte F\u00e4lle oder generell ausschlie\u00dfen, sowie das automatische L\u00f6schen der Cookies beim Schlie\u00dfen des Browsers aktivieren. Sie k\u00f6nnen mithilfe Ihres Webbrowsers gespeicherte Cookies jederzeit l\u00f6schen.<\/p>\n\n\n\n<p><a><\/a>Sie haben jederzeit die M\u00f6glichkeit, Cookies generell in Ihrem Browser zu deaktivieren. Bei der Deaktivierung von Cookies kann jedoch die Funktionalit\u00e4t dieser Website eingeschr\u00e4nkt sein.<\/p>\n\n\n\n<p><strong>L\u00f6schen von Cookies<\/strong><\/p>\n\n\n\n<p>Cookies werden auf Ihrem Endger\u00e4t so lange gespeichert, bis Sie diese Cookies l\u00f6schen, was jederzeit m\u00f6glich ist. Ferner werden abgelaufene Cookies automatisiert von Ihrem Browser gel\u00f6scht, wenn Sie Ihren Browser entsprechend eingerichtet haben. Abgelaufene Cookies werden von Ihrem Browser nicht mehr an unsere Server gesendet und k\u00f6nnen daher nicht mehr von uns verwendet werden.<br>Wenn Sie keine abweichenden Einstellungen vorgenommen haben oder vornehmen, verbleiben Cookies, die die erforderlichen technischen Funktionen erm\u00f6glichen bzw. sicherstellen sollen, bis zum Schlie\u00dfen des Browsers auf Ihrem Endger\u00e4t, andere Cookies k\u00f6nnen l\u00e4nger auf Ihrem Endger\u00e4t verbleiben (maximal 6 Monate). Zur Sicherung Ihrer Privatsph\u00e4re sollten Sie die Cookies auf Ihrem jeweiligen Endger\u00e4t sowie Ihren Browserverlauf regelm\u00e4\u00dfig \u00fcberpr\u00fcfen und selbstst\u00e4ndig l\u00f6schen.<\/p>\n\n\n\n<p><strong>5. Kontaktm\u00f6glichkeiten<\/strong><\/p>\n\n\n\n<p><a><\/a>Auf unserer Webseite besteht die M\u00f6glichkeit uns per Kontaktformular oder E-Mail zu kontaktieren.<\/p>\n\n\n\n<p>In diesem Zusammenhang werden Ihre Angaben aus dem Formular oder aus der E-Mail inklusive der von Ihnen dort angegebenen Kontaktdaten zwecks Bearbeitung der Anfrage und f\u00fcr den Fall von Anschlussfragen bei uns gespeichert und verarbeitet. Diese Daten (z. B. Name, Anschrift, Telefonnummer, E-Mail-Adresse, IP-Adresse) werden nicht ohne Ihre Einwilligung an Dritte weitergegeben. Pflichtfelder sind gesondert markiert. Eine Zusammenf\u00fchrung der Daten mit anderen auf dieser Webseite erhobenen Daten findet nicht statt.<\/p>\n\n\n\n<p>Das Kontaktformular wird TLS-Technik verschl\u00fcsselt gesendet. Die Verschl\u00fcsselung dient der Verhinderung unberechtigter Zugriffe Dritter auf Ihre pers\u00f6nlichen Daten. Die Verarbeitung dieser Daten erfolgt auf Grundlage von Art. 6 Abs. 1 lit. b DSGVO, sofern Ihre Anfrage mit der Erf\u00fcllung eines Vertrags zusammenh\u00e4ngt oder zur Durchf\u00fchrung vorvertraglicher Ma\u00dfnahmen erforderlich ist. In allen \u00fcbrigen F\u00e4llen beruht die Verarbeitung auf unserem berechtigten Interesse an der effektiven Bearbeitung der an uns gerichteten Anfragen (Art. 6 Abs. 1 lit. f DSGVO).<\/p>\n\n\n\n<p>Die von Ihnen im Kontaktformular oder der E-Mail angegebenen Daten verbleiben bei uns, bis Sie uns zur L\u00f6schung auffordern, Ihre Einwilligung zur Speicherung widerrufen oder der Zweck f\u00fcr die Datenspeicherung entf\u00e4llt (z. B. nach abgeschlossener Bearbeitung Ihrer Anfrage). Zwingende gesetzliche Bestimmungen \u2013 insbesondere Aufbewahrungsfristen \u2013 bleiben unber\u00fchrt.<br><br>6<strong>. Ihre Rechte und Geltendmachung von Rechten<\/strong><\/p>\n\n\n\n<p>Ihnen stehen die unten genannten Rechte zu. Diese k\u00f6nnen Sie uns gegen\u00fcber geltend machen.Zur Geltendmachung nutzen Sie bitte die oben genannten Daten oder kontaktieren Sie uns per E-Mail.<\/p>\n\n\n\n<p><a><\/a><strong>Auskunft: <\/strong>Sie haben gem\u00e4\u00df Art. 15 DSGVO das Recht, Auskunft \u00fcber Ihre von uns verarbeiteten personenbezogenen Daten zu verlangen. Insbesondere k\u00f6nnen Sie Auskunft \u00fcber die Verarbeitungszwecke, die Kategorie der personenbezogenen Daten, die Kategorien von Empf\u00e4ngern, gegen\u00fcber denen Ihre Daten offengelegt wurden oder werden, die geplante Speicherdauer, das Bestehen eines Rechts auf Berichtigung, L\u00f6schung, Einschr\u00e4nkung der Verarbeitung oder Widerspruch, das Bestehen eines Beschwerderechts, die Herkunft ihrer Daten, sofern diese nicht bei uns erhoben wurden, sowie \u00fcber das Bestehen einer automatisierten Entscheidungsfindung einschlie\u00dflich Profiling und ggf. aussagekr\u00e4ftigen Informationen zu deren Einzelheiten verlangen;<\/p>\n\n\n\n<p><a><\/a><strong>Berichtigung: <\/strong>Sie haben gem\u00e4\u00df Art. 16 DSGVO das Recht, unverz\u00fcglich die Berichtigung unrichtiger oder Vervollst\u00e4ndigung Ihrer bei uns gespeicherten personenbezogenen Daten zu verlangen;<\/p>\n\n\n\n<p><strong>L\u00f6schung: <\/strong>Sie haben gem\u00e4\u00df Art. 17 DSGVO das Recht, die L\u00f6schung Ihrer, bei uns gespeicherten personenbezogenen Daten zu verlangen, soweit nicht die Verarbeitung zur Aus\u00fcbung des Rechts auf freie Meinungs\u00e4u\u00dferung und Information, zur Erf\u00fcllung einer rechtlichen Verpflichtung, aus Gr\u00fcnden des \u00f6ffentlichen Interesses oder zur Geltendmachung, Aus\u00fcbung oder Verteidigung von Rechtsanspr\u00fcchen erforderlich ist;<\/p>\n\n\n\n<p><strong>Einschr\u00e4nkung der Verarbeitung: <\/strong>Sie haben gem\u00e4\u00df Art. 18 DSGVO das Recht, die Einschr\u00e4nkung der Verarbeitung Ihrer personenbezogenen Daten zu verlangen, soweit die Richtigkeit der Daten von Ihnen bestritten wird, die Verarbeitung unrechtm\u00e4\u00dfig ist, Sie aber deren L\u00f6schung ablehnen und wir die Daten nicht mehr ben\u00f6tigen, Sie jedoch diese zur Geltendmachung, Aus\u00fcbung oder Verteidigung von Rechtsanspr\u00fcchen ben\u00f6tigen oder Sie gem\u00e4\u00df Art. 21 DSGVO Widerspruch gegen die Verarbeitung eingelegt haben;<\/p>\n\n\n\n<p><strong>Daten\u00fcbertragbarkeit: <\/strong>Sie haben gem\u00e4\u00df Art. 20 DSGVO das Recht, Ihre personenbezogenen Daten, die Sie uns bereitgestellt haben, in einem strukturierten, g\u00e4ngigen und maschinenlesebaren Format zu erhalten oder die \u00dcbermittlung an einen anderen Verantwortlichen zu verlangen;<\/p>\n\n\n\n<p><strong>Widerruf Ihrer Einwilligung: <\/strong>Sie haben gem\u00e4\u00df Art. 7 Abs. 3 DSGVO das Recht, Ihre einmal erteilte Einwilligung jederzeit uns gegen\u00fcber zu widerrufen. Dies hat zur Folge, dass wir die Datenverarbeitung, die auf dieser Einwilligung beruhte, f\u00fcr die Zukunft nicht mehr fortf\u00fchren d\u00fcrfen.<\/p>\n\n\n\n<p>Bitte richten Sie ihren Widerruf an die oben angegebene Adresse bzw. Mail-Adresse.<\/p>\n\n\n\n<p><strong>Widerspruchsrecht<\/strong><\/p>\n\n\n\n<p><strong>Sie haben das Recht, aus Gr\u00fcnden, die sich aus ihrer besonderen Situation ergeben, jederzeit gegen die Verarbeitung der Sie betreffenden personenbezogenen Daten, die aufgrund von Art.&nbsp;6 Abs.&nbsp;1. S.&nbsp;1 lit.&nbsp;e) oder&nbsp;f)&nbsp;DSGVO erfolgt, Widerspruch einzulegen; dies gilt auch f\u00fcr ein auf diese Bestimmungen gest\u00fctztes Profiling.<\/strong><\/p>\n\n\n\n<p><strong>Der Verantwortliche verarbeitet die Sie betreffenden personenbezogenen Daten nicht mehr, es sei denn, er kann zwingende schutzw\u00fcrdige Gr\u00fcnde f\u00fcr die Verarbeitung nachweisen, die Ihre Interessen, Rechte und Freiheiten \u00fcberwiegen, oder die Verarbeitung dient der Geltendmachung, Aus\u00fcbung oder Verteidigung von Rechtsanspr\u00fcchen.<\/strong><\/p>\n\n\n\n<p><strong>Werden die Sie betreffenden personenbezogenen Daten verarbeitet, um Direktwerbung zu betreiben, haben Sie das Recht, jederzeit Widerspruch gegen die Verarbeitung der Sie betreffenden personenbezogenen Daten zum Zwecke derartiger Werbung einzulegen; dies gilt auch f\u00fcr das Profiling, soweit es mit solcher Direktwerbung in Verbindung steht.<\/strong><\/p>\n\n\n\n<p><strong>Widersprechen Sie der Verarbeitung f\u00fcr Zwecke der Direktwerbung, so werden die Sie betreffenden personenbezogenen Daten nicht mehr f\u00fcr diese Zwecke verarbeitet.<\/strong><\/p>\n\n\n\n<p><strong>Sie haben die M\u00f6glichkeit, im Zusammenhang mit der Nutzung von Diensten der Informationsgesellschaft \u2013 ungeachtet der Richtlinie 2002\/58\/EG \u2013 Ihr Widerspruchsrecht mittels automatisierter Verfahren auszu\u00fcben, bei denen technische Spezifikationen verwendet werden.<\/strong><\/p>\n\n\n\n<p><strong>Automatisierte Entscheidung im Einzelfall einschlie\u00dflich Profiling<\/strong><\/p>\n\n\n\n<p>Sie haben das Recht, nicht einer ausschlie\u00dflich auf einer automatisierten Verarbeitung \u2013 einschlie\u00dflich Profiling \u2013 beruhenden Entscheidung unterworfen zu werden, die Ihnen gegen\u00fcber, rechtliche Wirkung entfaltet oder Sie in \u00e4hnlicher Weise erheblich beeintr\u00e4chtigt. Dies gilt nicht, wenn die Entscheidung f\u00fcr den Abschluss oder die Erf\u00fcllung eines Vertrags zwischen Ihnen und dem Verantwortlichen erforderlich ist, aufgrund von Rechtsvorschriften der Union oder der Mitgliedstaaten, denen der Verantwortliche unterliegt, zul\u00e4ssig ist und diese Rechtsvorschriften angemessene Ma\u00dfnahmen zur Wahrung Ihrer Rechte und Freiheiten sowie Ihrer berechtigten Interessen enthalten oder mit Ihrer ausdr\u00fccklichen Einwilligung erfolgt.<\/p>\n\n\n\n<p>Allerdings d\u00fcrfen diese Entscheidungen nicht auf besonderen Kategorien personenbezogener Daten nach Art. 9 Abs. 1 DSGVO beruhen, sofern nicht Art. 9 Abs. 2 lit. a) oder g) DSGVO gilt und angemessene Ma\u00dfnahmen zum Schutz der Rechte und Freiheiten sowie Ihrer berechtigten Interessen getroffen wurden.<\/p>\n\n\n\n<p><strong>Beschwerde bei einer Aufsichtsbeh\u00f6rde:<\/strong><\/p>\n\n\n\n<p>Sie haben gem\u00e4\u00df Art. 77 DSGVO das Recht, sich bei einer Aufsichtsbeh\u00f6rde zu beschweren. In der Regel k\u00f6nnen Sie sich hierf\u00fcr an die Aufsichtsbeh\u00f6rde Ihres \u00fcblichen Aufenthaltsortes oder Arbeitsplatzes oder unseres Unternehmenssitzes wenden.<\/p>\n\n\n\n<p><strong>7. Stand der Datenschutzerkl\u00e4rung<\/strong><\/p>\n\n\n\n<p>Die st\u00e4ndige Entwicklung des Internets macht von Zeit zu Zeit Anpassungen unserer Datenschutzerkl\u00e4rung erforderlich. Wir behalten uns vor, jederzeit entsprechende \u00c4nderungen vorzunehmen.<\/p>\n\n\n\n<p>Stand: August 2024<\/p>\n","protected":false},"excerpt":{"rendered":"<p>Datenschutzerkl\u00e4rung Nachfolgend informieren wir Sie \u00fcber die Einzelheiten zum Datenschutz beim Besuch unserer Webseite. Die Nutzung unserer Website ist in der Regel ohne die Angabe von personenbezogenen Daten m\u00f6glich. Soweit &#8230;<\/p>\n","protected":false},"author":1,"featured_media":0,"parent":0,"menu_order":0,"comment_status":"closed","ping_status":"closed","template":"","meta":{"footnotes":""},"class_list":["post-3","page","type-page","status-publish","hentry"],"_links":{"self":[{"href":"https:\/\/www.gesien-design.de\/Poppel\/wp-json\/wp\/v2\/pages\/3","targetHints":{"allow":["GET"]}}],"collection":[{"href":"https:\/\/www.gesien-design.de\/Poppel\/wp-json\/wp\/v2\/pages"}],"about":[{"href":"https:\/\/www.gesien-design.de\/Poppel\/wp-json\/wp\/v2\/types\/page"}],"author":[{"embeddable":true,"href":"https:\/\/www.gesien-design.de\/Poppel\/wp-json\/wp\/v2\/users\/1"}],"replies":[{"embeddable":true,"href":"https:\/\/www.gesien-design.de\/Poppel\/wp-json\/wp\/v2\/comments?post=3"}],"version-history":[{"count":3,"href":"https:\/\/www.gesien-design.de\/Poppel\/wp-json\/wp\/v2\/pages\/3\/revisions"}],"predecessor-version":[{"id":1870,"href":"https:\/\/www.gesien-design.de\/Poppel\/wp-json\/wp\/v2\/pages\/3\/revisions\/1870"}],"wp:attachment":[{"href":"https:\/\/www.gesien-design.de\/Poppel\/wp-json\/wp\/v2\/media?parent=3"}],"curies":[{"name":"wp","href":"https:\/\/api.w.org\/{rel}","templated":true}]}}