{"id":1524,"date":"2020-10-28T12:59:24","date_gmt":"2020-10-28T11:59:24","guid":{"rendered":"https:\/\/www.gesien-design.de\/Poppel\/?page_id=1524"},"modified":"2022-12-06T16:17:43","modified_gmt":"2022-12-06T15:17:43","slug":"impressum","status":"publish","type":"page","link":"https:\/\/www.gesien-design.de\/Poppel\/impressum\/","title":{"rendered":"Impressum"},"content":{"rendered":"\n<p>Dies ist eine private Pr\u00e4sentation von:<br><br><strong><br>Heike Gesien<br>Charlotte-Huhn-Stra\u00dfe 18<br>21339 L\u00fcneburg<\/strong><\/p>\n\n\n\n<p>Tel. 04131\/680 90 80<br><br>Verantwortlich f\u00fcr den Inhalt:<br>Heike Gesien<br><br>www.poppelkram.de<br>E-Mail:<a data-id=\"mailto:info@poppelkram.de\" data-type=\"mailto\" href=\"mailto:info@poppelkram.de\"> info@poppelkram.de<\/a><br><br>Fotos: Heike Gesien sowie Freepic (@freepic.diller)<br><br><strong>Nutzungsbedingungen\/Disclaimer:<\/strong><\/p>\n\n\n\n<p><strong>1.&nbsp;&nbsp;&nbsp; Regelungsgegenstand<\/strong><br>1.1&nbsp;&nbsp;&nbsp; Mit dem Abrufen oder der Nutzung der auf dieser Website (Hauptseite einschlie\u00dflich s\u00e4mtlicher Unterseiten) angebotenen Informationen erkl\u00e4rt sich der Nutzer mit der ausschlie\u00dflichen Geltung dieser Nutzungsbedingungen einverstanden. Andernfalls ist er nicht berechtigt, die Website abzurufen oder zu nutzen. Er ist in diesem Fall verpflichtet, jede weitere Nutzung der Website zu unterlassen.<br>1.2&nbsp;&nbsp;&nbsp; Informationen im Sinne dieser Nutzungsbedingungen sind das Layout der Website sowie alle auf ihr abrufbaren Inhalte und Daten, insbesondere Texte, Bilder, Videos, T\u00f6ne, Grafiken, Logos und Software-Programme.<\/p>\n\n\n\n<p><strong>2.&nbsp;&nbsp;&nbsp; Urheber- und Nutzungsrechte<\/strong><br>2.1&nbsp;&nbsp;&nbsp; Die Website und die Informationen sind urheberrechtlich, markenrechtlich oder sonst durch gewerbliche Schutzrechte nach deutschem oder sonstigem Recht sowie durch internationale \u00dcbereinkommen gesch\u00fctzt. Die angebotenen Informationen werden als urheberrechtlich gesch\u00fctzte Werke im Sinne des deutschen Urheberrechtsgesetzes (UrhG) behandelt.<br>2.2&nbsp;&nbsp;&nbsp; Informationen d\u00fcrfen nur nach unserer vorherigen ausdr\u00fccklichen schriftlichen Zustimmung verwendet oder \u00f6ffentlich wiedergegeben werden. Zwingende Ausnahmen vom Zustimmungsbed\u00fcrfnis bleiben unber\u00fchrt, insbesondere nach dem UrhG oder dem Gesetz betreffend das Urheberrecht an Werken der bildenden K\u00fcnste und der Fotografie. Hiernach ist eine Zustimmung insbesondere in F\u00e4llen \u201cvor\u00fcbergehender Vervielf\u00e4ltigungshandlungen ohne eigenst\u00e4ndige wirtschaftliche Bedeutung\u201d i.S.d \u00a7 44a UrhG und der \u201cVervielf\u00e4ltigung zum privaten Gebrauch\u201d i.S.d. \u00a7 53 UrhG entbehrlich.<br>Die Verwendung umfasst jede Art der Nutzung von Informationen nach dem UrhG, insbesondere die Vervielf\u00e4ltigung, das Kopieren, das Vertreiben und das Verbreiten. Die \u00f6ffentliche Wiedergabe umfasst jede Art der Zug\u00e4nglichmachung von Informationen an Mitglieder der \u00d6ffentlichkeit i.S.d. UrhG, insbesondere das Recht der \u00f6ffentliche Zug\u00e4nglichmachung, das Senderecht sowie das Recht, Informationen \u00f6ffentlich wahrnehmbar zu machen.<br>2.3&nbsp;&nbsp;&nbsp; Der Nutzer ist ohne unsere vorherige schriftliche Einwilligung insbesondere nicht dazu berechtigt, Informationen zu vervielf\u00e4ltigen, zu speichern, zu \u00fcbersetzen, zu bearbeiten, zu \u00e4ndern, zu verkaufen, zu vermieten, zu dekompilieren oder sonst die Codeform zu \u00fcbersetzen oder Parallelentwicklungen zu betreiben. Er ist zudem nicht berechtigt, Informationen in Datenbanken oder Datenbankwerke zu integrieren.<\/p>\n\n\n\n<p><strong>3.&nbsp;&nbsp;&nbsp; Nutzungsbeschr\u00e4nkungen<\/strong><br>3.1&nbsp;&nbsp;&nbsp; Der Nutzer ist nicht berechtigt, die Website, die Informationen oder Dienste zu rechtswidrigen Zwecken oder in sonstiger diesen Nutzungsbedingungen widersprechender Weise zu nutzen. Der Nutzer wird die gewerblichen Schutzrechte (s.o. Ziff. 2) und sonstigen Rechte Dritter wahren, die Rechte an der Website, den Informationen oder den Diensten haben.<br>3.2&nbsp;&nbsp;&nbsp; Der Nutzer ist nicht berechtigt, Techniken, Mechanismen, Programme (z.B. auch Viren, Trojaner oder Spy-Ware) oder sonstige Routinen zu verwenden, die das Funktionieren der Website beeinflussen, st\u00f6ren oder besch\u00e4digen k\u00f6nnen oder durch die unberechtigt auf gespeicherte personenbezogenen Daten zugegriffen werden kann. Der Nutzer darf keine Ma\u00dfnahmen ergreifen, die eine unzumutbare oder \u00fcberm\u00e4\u00dfige Belastung der Infrastruktur der Website oder des E-Mail-Systems zur Folge haben k\u00f6nnen.<br><br><strong>4.&nbsp;&nbsp;&nbsp; Haftung f\u00fcr Links (Disclaimer)<\/strong><br>4.1&nbsp;&nbsp;&nbsp; Wir sind nicht verantwortlich f\u00fcr Informationen, auf die wir durch Link verweisen. Wir sind \u2013 nach Ma\u00dfgabe der folgenden Bestimmungen \u2013 nicht verpflichtet zu pr\u00fcfen, ob Informationen auf verlinkten Internetseiten Rechte Dritter verletzen oder sonst rechtswidrig sind.<br>4.2&nbsp;&nbsp;&nbsp; Sollten Informationen, auf die wir mittels Links verweisen, die Rechte eines Dritten verletzen, so obliegt es dem Dritten, uns hiervon unverz\u00fcglich in Kenntnis zu setzen, es sei denn, die Rechtsverletzung ist bei Abruf der verlinkten Internet-Seite offensichtlich.<br>4.3&nbsp;&nbsp;&nbsp; Wir werden unverz\u00fcglich nach Kenntniserlangung \u00fcber die Rechtswidrigkeit den Link zu der Internetseite entfernen oder sperren. Wir sind berechtigt, f\u00fcr 14 Tage ab Zugang der Mitteilung nach Ziff. 4.2 oder anderweitiger Kenntniserlangung die Rechtswidrigkeit zu pr\u00fcfen, es sei denn, die Rechtswidrigkeit ist offensichtlich. Der Dritte hat uns die Kenntniserlangung \u00fcber die die Rechtswidrigkeit begr\u00fcndenden Tatsachen nachzuweisen.<br>4.4&nbsp;&nbsp;&nbsp; Wir distanzieren uns hiermit ausdr\u00fccklich von jeglicher Rechtsverletzung durch Dritte auf verlinkten Internet-Seiten. Jeder Nutzer wird darum gebeten, es uns mitzuteilen, wenn auf verlinkten Internet-Seiten rechtsverletzende Informationen angeboten werden.<\/p>\n\n\n\n<p><strong>5.&nbsp;&nbsp;&nbsp; Anzuwendendes Recht<\/strong><br>Auf die Nutzung ist das Recht der Bundesrepublik Deutschland anwendbar unter Ausschlie\u00dfung der Regelungen des Internationalen Privatrechts. Handelt es sich bei dem Nutzer um einen Kaufmann, eine juristische Person des \u00f6ffentlichen Rechts oder \u00f6ffentlich-rechtliches Sonderverm\u00f6gen, ist als Gerichtsstand der Ort unseres Sitzes vereinbart. Greift der Nutzer auf die Website von au\u00dferhalb Deutschlands aus zu, hat er au\u00dferdem die gesetzlichen und rechtlichen Bestimmung seines Herkunftslandes zu beachten.<\/p>\n","protected":false},"excerpt":{"rendered":"<p>Dies ist eine private Pr\u00e4sentation von: Heike GesienCharlotte-Huhn-Stra\u00dfe 1821339 L\u00fcneburg Tel. 04131\/680 90 80 Verantwortlich f\u00fcr den Inhalt:Heike Gesien www.poppelkram.deE-Mail: info@poppelkram.de Fotos: Heike Gesien sowie Freepic (@freepic.diller) Nutzungsbedingungen\/Disclaimer: 1.&nbsp;&nbsp;&nbsp; Regelungsgegenstand1.1&nbsp;&nbsp;&nbsp; &#8230;<\/p>\n","protected":false},"author":1,"featured_media":0,"parent":0,"menu_order":0,"comment_status":"closed","ping_status":"closed","template":"","meta":{"footnotes":""},"class_list":["post-1524","page","type-page","status-publish","hentry"],"_links":{"self":[{"href":"https:\/\/www.gesien-design.de\/Poppel\/wp-json\/wp\/v2\/pages\/1524","targetHints":{"allow":["GET"]}}],"collection":[{"href":"https:\/\/www.gesien-design.de\/Poppel\/wp-json\/wp\/v2\/pages"}],"about":[{"href":"https:\/\/www.gesien-design.de\/Poppel\/wp-json\/wp\/v2\/types\/page"}],"author":[{"embeddable":true,"href":"https:\/\/www.gesien-design.de\/Poppel\/wp-json\/wp\/v2\/users\/1"}],"replies":[{"embeddable":true,"href":"https:\/\/www.gesien-design.de\/Poppel\/wp-json\/wp\/v2\/comments?post=1524"}],"version-history":[{"count":0,"href":"https:\/\/www.gesien-design.de\/Poppel\/wp-json\/wp\/v2\/pages\/1524\/revisions"}],"wp:attachment":[{"href":"https:\/\/www.gesien-design.de\/Poppel\/wp-json\/wp\/v2\/media?parent=1524"}],"curies":[{"name":"wp","href":"https:\/\/api.w.org\/{rel}","templated":true}]}}